{"id":460,"date":"2025-11-24T18:53:20","date_gmt":"2025-11-24T18:53:20","guid":{"rendered":"https:\/\/bodhicharya.org\/uk\/?page_id=460"},"modified":"2026-01-27T17:36:13","modified_gmt":"2026-01-27T17:36:13","slug":"whats-on","status":"publish","type":"page","link":"https:\/\/bodhicharya.org\/uk\/whats-on\/","title":{"rendered":"What&#8217;s On"},"content":{"rendered":"<div class=\"wpb-content-wrapper\"><p>[vc_row][vc_column][vc_column_text css=&#8221;&#8221;]<\/p>\n<h1 style=\"text-align: center;\" data-start=\"2792\" data-end=\"2835\">\ud83e\udeb7 <strong data-start=\"2798\" data-end=\"2835\">Groups and Practice at the Centre<\/strong><\/h1>\n<p data-start=\"2837\" data-end=\"3010\"><strong>The Bodhicharya UK Centre in Rochester, Kent, is home to three local Buddhist groups from Chinese, Tibetan and Japanese traditions. <\/strong><\/p>\n<p data-start=\"2837\" data-end=\"3010\"><strong>It is also a place where third-party groups who are motivated by the Bodhicharya principles of <em>Healing, Helping and Harmony<\/em>&nbsp;rent and run their activities from.<\/strong><\/p>\n<p>[\/vc_column_text][\/vc_column][\/vc_row][vc_row][vc_column][vc_column_text css=&#8221;&#8221;]<\/p>\n<h2><img loading=\"lazy\" decoding=\"async\" class=\"wpa-warning wpa-image-missing-alt aligncenter wp-image-411 size-large\" src=\"https:\/\/d2wipdjmobk1g8.cloudfront.net\/wp-content\/uploads\/sites\/11\/2025\/08\/28175449\/bcuk-new-centre-e1756400111588-1024x500.jpg\" alt=\"\" width=\"1024\" height=\"500\" data-warning=\"Missing alt text\" srcset=\"https:\/\/d2wipdjmobk1g8.cloudfront.net\/wp-content\/uploads\/sites\/11\/2025\/08\/28175449\/bcuk-new-centre-e1756400111588-1024x500.jpg 1024w, https:\/\/d2wipdjmobk1g8.cloudfront.net\/wp-content\/uploads\/sites\/11\/2025\/08\/28175449\/bcuk-new-centre-e1756400111588-300x146.jpg 300w, https:\/\/d2wipdjmobk1g8.cloudfront.net\/wp-content\/uploads\/sites\/11\/2025\/08\/28175449\/bcuk-new-centre-e1756400111588-768x375.jpg 768w, https:\/\/d2wipdjmobk1g8.cloudfront.net\/wp-content\/uploads\/sites\/11\/2025\/08\/28175449\/bcuk-new-centre-e1756400111588-1536x750.jpg 1536w, https:\/\/d2wipdjmobk1g8.cloudfront.net\/wp-content\/uploads\/sites\/11\/2025\/08\/28175449\/bcuk-new-centre-e1756400111588.jpg 2048w\" sizes=\"auto, (max-width: 1024px) 100vw, 1024px\" \/><\/h2>\n<h2><\/h2>\n<h2><\/h2>\n<h2><\/h2>\n<h2 style=\"text-align: center;\"><strong>Bodhicharya Kent<\/strong><\/h2>\n<p><strong>Bodhicharya Kent<\/strong> meets every <strong>Tuesday at 8pm &#8211; 9:30pm<\/strong> in term time, both in-person and online.<\/p>\n<p>Founded in <strong data-start=\"3049\" data-end=\"3057\">2013<\/strong> under the guidance of <u><a id=\"OWA17d4b89d-b5c0-c9f2-958b-9b8cfb838c26\" class=\"x_OWAAutoLink\" title=\"Protected by Outlook: http:\/\/www.bodhicharya.org\/ringu-tulku\/. Click or tap to follow the link.\" href=\"https:\/\/ita01.safelinks.protection.outlook.com\/?url=http%3A%2F%2Fwww.bodhicharya.org%2Fringu-tulku%2F&amp;data=05%7C02%7C%7C51caee8f03414c9d14b708de03496a2d%7C84df9e7fe9f640afb435aaaaaaaaaaaa%7C1%7C0%7C638951811014949866%7CUnknown%7CTWFpbGZsb3d8eyJFbXB0eU1hcGkiOnRydWUsIlYiOiIwLjAuMDAwMCIsIlAiOiJXaW4zMiIsIkFOIjoiTWFpbCIsIldUIjoyfQ%3D%3D%7C0%7C%7C%7C&amp;sdata=X7WwX6QPRk6chXHi8oWYBhGw0oHHCScmNB2tEro5PGE%3D&amp;reserved=0\" target=\"_blank\" rel=\"noopener noreferrer\" data-auth=\"NotApplicable\" data-linkindex=\"0\">Ringu Tulku Rinpoche<\/a><\/u>&nbsp;and facilitated by&nbsp;<a id=\"LPlnk424066\" title=\"Protected by Outlook: https:\/\/bodhicharya-kent.org\/group-facilitator\/. Click or tap to follow the link.\" href=\"https:\/\/ita01.safelinks.protection.outlook.com\/?url=https%3A%2F%2Fbodhicharya-kent.org%2Fgroup-facilitator%2F&amp;data=05%7C02%7C%7C51caee8f03414c9d14b708de03496a2d%7C84df9e7fe9f640afb435aaaaaaaaaaaa%7C1%7C0%7C638951811014979588%7CUnknown%7CTWFpbGZsb3d8eyJFbXB0eU1hcGkiOnRydWUsIlYiOiIwLjAuMDAwMCIsIlAiOiJXaW4zMiIsIkFOIjoiTWFpbCIsIldUIjoyfQ%3D%3D%7C0%7C%7C%7C&amp;sdata=ZN6Tax28s6bhSa8tL0o8W4ltYDem%2BsXvLZd8kPrub8M%3D&amp;reserved=0\" target=\"_blank\" rel=\"noopener noreferrer\" data-auth=\"NotApplicable\" data-linkindex=\"1\">Cesare Saguato<\/a>, <strong data-start=\"3144\" data-end=\"3164\">Bodhicharya Kent<\/strong> offers a space to learn and practise Buddhist meditation and explore the teachings of the Buddha in a warm and inclusive setting.<\/p>\n<div class=\"x_elementToProof\">\n<p>The group is based within the Tibetan Buddhist tradition and is focused around learning and practising various forms of Buddhist meditation, as well as reflecting on and discussing the Buddhist teachings. However everyone is welcome, whether you are a Buddhist from the same or different tradition, a practitioner of another faith, someone who is curious about Buddhism or you are simply looking to learn about Buddhist <u><a id=\"OWA1f9bd724-381c-c7fa-18b0-b52856e696ed\" class=\"x_OWAAutoLink\" title=\"Protected by Outlook: https:\/\/bodhicharya-kent.org\/meditation\/. Click or tap to follow the link.\" href=\"https:\/\/ita01.safelinks.protection.outlook.com\/?url=https%3A%2F%2Fbodhicharya-kent.org%2Fmeditation%2F&amp;data=05%7C02%7C%7C51caee8f03414c9d14b708de03496a2d%7C84df9e7fe9f640afb435aaaaaaaaaaaa%7C1%7C0%7C638951811014995228%7CUnknown%7CTWFpbGZsb3d8eyJFbXB0eU1hcGkiOnRydWUsIlYiOiIwLjAuMDAwMCIsIlAiOiJXaW4zMiIsIkFOIjoiTWFpbCIsIldUIjoyfQ%3D%3D%7C0%7C%7C%7C&amp;sdata=SAp%2FZe46gfv1oWKvuaPNthUpJGKxFW4lfCkCGpt0EWM%3D&amp;reserved=0\" target=\"_blank\" rel=\"noopener noreferrer\" data-auth=\"NotApplicable\" data-linkindex=\"2\">meditation<\/a><\/u> and begin to integrate its many benefits into your daily life.<\/p>\n<p>We have regular <strong>weekly meetings<\/strong>, <strong>day<\/strong> and <strong>weekend retreats<\/strong> and other <strong>special events<\/strong> throughout the year. As well as our regular group facilitator, we also have visiting senior teachers from the Bodhicharya family, including an annual visit by Ringu Tulku Rinpoche.<\/p>\n<p>Bodhicharya Kent is <u><a id=\"OWA3a9b3a05-1feb-567f-91fd-3b51cc19ae8a\" class=\"x_OWAAutoLink\" title=\"Protected by Outlook: https:\/\/bodhicharya.org\/uk. Click or tap to follow the link.\" href=\"https:\/\/ita01.safelinks.protection.outlook.com\/?url=https%3A%2F%2Fbodhicharya.org%2Fuk&amp;data=05%7C02%7C%7C51caee8f03414c9d14b708de03496a2d%7C84df9e7fe9f640afb435aaaaaaaaaaaa%7C1%7C0%7C638951811015009088%7CUnknown%7CTWFpbGZsb3d8eyJFbXB0eU1hcGkiOnRydWUsIlYiOiIwLjAuMDAwMCIsIlAiOiJXaW4zMiIsIkFOIjoiTWFpbCIsIldUIjoyfQ%3D%3D%7C0%7C%7C%7C&amp;sdata=bc65j9a%2BWB%2BWjEvqem61LWY5uCaj4lBx5GiAXqhD3Hk%3D&amp;reserved=0\" target=\"_blank\" rel=\"noopener noreferrer\" data-auth=\"NotApplicable\" data-linkindex=\"3\">Bodhicharya UK<\/a><\/u>&nbsp;in Rochester, a registered charity with the UK Charity Commission (1190768) and part of the&nbsp;<u><a id=\"OWA89a680e5-f569-26e5-d408-362ea8cdb877\" class=\"x_OWAAutoLink\" title=\"Protected by Outlook: http:\/\/www.bodhicharya.org\/about\/. Click or tap to follow the link.\" href=\"https:\/\/ita01.safelinks.protection.outlook.com\/?url=http%3A%2F%2Fwww.bodhicharya.org%2Fabout%2F&amp;data=05%7C02%7C%7C51caee8f03414c9d14b708de03496a2d%7C84df9e7fe9f640afb435aaaaaaaaaaaa%7C1%7C0%7C638951811015022339%7CUnknown%7CTWFpbGZsb3d8eyJFbXB0eU1hcGkiOnRydWUsIlYiOiIwLjAuMDAwMCIsIlAiOiJXaW4zMiIsIkFOIjoiTWFpbCIsIldUIjoyfQ%3D%3D%7C0%7C%7C%7C&amp;sdata=WkdPP1NnrJ3hHSyx0nvnAEEQdzGNCuA7Fy7zI%2BTCuSE%3D&amp;reserved=0\" target=\"_blank\" rel=\"noopener noreferrer\" data-auth=\"NotApplicable\" data-linkindex=\"4\">Bodhicharya<\/a><\/u> family; a world-wide network of people, centres and organisations taking various forms at 35 locations in 13 countries, all inspired and guided by the Buddhist teachings and Ringu Tulku Rinpoche. Our guiding principles are: <i>Healing<\/i>&nbsp;\u2013&nbsp;<i>Helping<\/i>&nbsp;\u2013&nbsp;<i>Harmony<\/i>.<\/p>\n<p><strong>Address<\/strong>: Bodhicharya UK, Jacksons Field, New Road, Rochester, Kent, ME1 1DX<\/p>\n<p>To find out more about Bodhicharya Kent please see <u><a id=\"LPlnk100219\" title=\"Protected by Outlook: https:\/\/bodhicharya-kent.org\/. Click or tap to follow the link.\" href=\"https:\/\/ita01.safelinks.protection.outlook.com\/?url=https%3A%2F%2Fbodhicharya-kent.org%2F&amp;data=05%7C02%7C%7C51caee8f03414c9d14b708de03496a2d%7C84df9e7fe9f640afb435aaaaaaaaaaaa%7C1%7C0%7C638951811015035196%7CUnknown%7CTWFpbGZsb3d8eyJFbXB0eU1hcGkiOnRydWUsIlYiOiIwLjAuMDAwMCIsIlAiOiJXaW4zMiIsIkFOIjoiTWFpbCIsIldUIjoyfQ%3D%3D%7C0%7C%7C%7C&amp;sdata=zLw5leRRHJu%2BsT24BCKgt%2BoFkjo2Z7dv9%2FgHYN0iw1Y%3D&amp;reserved=0\" target=\"_blank\" rel=\"noopener noreferrer\" data-auth=\"NotApplicable\" data-linkindex=\"5\">here<\/a><\/u>.<\/div>\n<p>[\/vc_column_text][vc_separator color=&#8221;sandy_brown&#8221; border_width=&#8221;3&#8243; css=&#8221;&#8221;][\/vc_column][\/vc_row][vc_row][vc_column][vc_column_text css=&#8221;&#8221;]<\/p>\n<h2><img loading=\"lazy\" decoding=\"async\" class=\"wpa-warning wpa-image-missing-alt size-medium wp-image-448 aligncenter\" src=\"https:\/\/d2wipdjmobk1g8.cloudfront.net\/wp-content\/uploads\/sites\/11\/2025\/10\/17184313\/IMG_5670-1-258x300.jpg\" alt=\"\" width=\"258\" height=\"300\" data-warning=\"Missing alt text\" srcset=\"https:\/\/d2wipdjmobk1g8.cloudfront.net\/wp-content\/uploads\/sites\/11\/2025\/10\/17184313\/IMG_5670-1-258x300.jpg 258w, https:\/\/d2wipdjmobk1g8.cloudfront.net\/wp-content\/uploads\/sites\/11\/2025\/10\/17184313\/IMG_5670-1-879x1024.jpg 879w, https:\/\/d2wipdjmobk1g8.cloudfront.net\/wp-content\/uploads\/sites\/11\/2025\/10\/17184313\/IMG_5670-1-768x895.jpg 768w, https:\/\/d2wipdjmobk1g8.cloudfront.net\/wp-content\/uploads\/sites\/11\/2025\/10\/17184313\/IMG_5670-1.jpg 1038w\" sizes=\"auto, (max-width: 258px) 100vw, 258px\" \/><\/h2>\n<h2 style=\"text-align: center;\"><b data-olk-copy-source=\"MessageBody\">Kent Chan Group<\/b><\/h2>\n<div>\n<p data-start=\"3870\" data-end=\"3965\">The <strong data-start=\"3874\" data-end=\"3893\">Kent Chan Group<\/strong> meets every <strong data-start=\"3906\" data-end=\"3935\">Thursday from 7.30\u20139.30pm<\/strong>, both in person and online.<\/p>\n<p data-start=\"3967\" data-end=\"4135\">Each session includes two 25\u201330 minute sitting meditations, mindful movement (qigong), tea, a short talk or reading on a Buddhist or Chan theme, and group discussion.<\/p>\n<p data-start=\"4137\" data-end=\"4342\">The group operates on a <strong data-start=\"4161\" data-end=\"4178\">drop-in basis<\/strong>, and newcomers and beginners are warmly welcome. Once a month, there is an <strong data-start=\"4254\" data-end=\"4285\">\u201cextended practice evening\u201d<\/strong> for those wishing to deepen their meditation practice.<\/p>\n<p data-start=\"4137\" data-end=\"4342\"><strong>Address<\/strong>: Bodhicharya UK, Jacksons Field, New Road, Rochester, Kent, ME1 1DX<\/p>\n<p data-start=\"4137\" data-end=\"4342\">To find out more about Kent Chan Group please see <a title=\"Protected by Outlook: https:\/\/westernchanfellowship.org\/chan-meditation-groups\/kent-chan-group\/. Click or tap to follow the link.\" href=\"https:\/\/ita01.safelinks.protection.outlook.com\/?url=https%3A%2F%2Fwesternchanfellowship.org%2Fchan-meditation-groups%2Fkent-chan-group%2F&amp;data=05%7C02%7C%7C48077d478b574b61cdd108de04a55285%7C84df9e7fe9f640afb435aaaaaaaaaaaa%7C1%7C0%7C638953305324907663%7CUnknown%7CTWFpbGZsb3d8eyJFbXB0eU1hcGkiOnRydWUsIlYiOiIwLjAuMDAwMCIsIlAiOiJXaW4zMiIsIkFOIjoiTWFpbCIsIldUIjoyfQ%3D%3D%7C0%7C%7C%7C&amp;sdata=lW8k89K4fbyZr%2F2skiPjpzAYuidhupx5I36a5qklLhM%3D&amp;reserved=0\" target=\"_blank\" rel=\"noopener noreferrer\" data-auth=\"NotApplicable\" data-linkindex=\"0\">here<\/a>.<\/p>\n<\/div>\n<p>[\/vc_column_text][vc_separator color=&#8221;orange&#8221; border_width=&#8221;4&#8243; css=&#8221;&#8221;][\/vc_column][\/vc_row][vc_row][vc_column][vc_column_text css=&#8221;&#8221;]<\/p>\n<div class=\"wp-block-image\"><img loading=\"lazy\" decoding=\"async\" class=\"wpa-warning wpa-image-missing-alt aligncenter wp-image-482 size-full\" src=\"https:\/\/d2wipdjmobk1g8.cloudfront.net\/wp-content\/uploads\/sites\/11\/2025\/12\/08181709\/jodu.jpg\" alt=\"\" width=\"477\" height=\"656\" data-warning=\"Missing alt text\" srcset=\"https:\/\/d2wipdjmobk1g8.cloudfront.net\/wp-content\/uploads\/sites\/11\/2025\/12\/08181709\/jodu.jpg 477w, https:\/\/d2wipdjmobk1g8.cloudfront.net\/wp-content\/uploads\/sites\/11\/2025\/12\/08181709\/jodu-218x300.jpg 218w\" sizes=\"auto, (max-width: 477px) 100vw, 477px\" \/><\/div>\n<p>&nbsp;<\/p>\n<h2 style=\"text-align: center;\"><strong>J\u014ddo Shinsh\u016b Group<\/strong><\/h2>\n<p>The <strong>J\u014ddo Shinsh\u016b<\/strong> group hold a family Buddhist service on the <strong>first Sunday of each month 11 &#8211; 12am<\/strong>.<\/p>\n<p>The service is led by Rev. David, an ordained J\u014ddo Shinsh\u016b priest. J\u014ddo Shinsh\u016b is the largest Buddhist denomination in Japan with a significant presence also in Brazil, USA, Canada and now a growing community in Europe. J\u014ddo Shinsh\u016b is truly inclusive and the service welcomes all.<\/p>\n<p>As part of the service, we remember those who have gone before us and if you would like a loved one listed in the remembrances please give their name to David-sensei before the service.<\/p>\n<p><strong>Address<\/strong>: Bodhicharya UK, Jacksons Field, New Road, Rochester, Kent, ME1 1DX<\/p>\n<p>To find out more about the J\u014ddo Shinsh\u016b group please see <a href=\"https:\/\/www.jodoshinshu.co.uk\/\">here<\/a>.<\/p>\n<p>To contact Rev. David please email: david@quirke-thornton.com[\/vc_column_text][vc_separator color=&#8221;orange&#8221; border_width=&#8221;4&#8243; css=&#8221;&#8221;][\/vc_column][\/vc_row][vc_row][vc_column][vc_column_text css=&#8221;&#8221;]<\/p>\n<h1 style=\"text-align: center;\" data-start=\"4394\" data-end=\"4427\">\ud83d\udcc5 <strong data-start=\"4400\" data-end=\"4427\">What\u2019s On at the Centre<\/strong><\/h1>\n<p data-start=\"4429\" data-end=\"4569\">Our calendar includes regular meditation groups, day and weekend retreats, special teachings, visiting teachers, community gatherings and what is on offer from our third-party renters and friends.<\/p>\n<p data-start=\"4429\" data-end=\"4569\"><strong>For room bookings or enquiries<\/strong> about hosting events at the Bodhicharya UK Centre, please contact <strong>John<\/strong>, the <strong>Centre Manager<\/strong>, at: <a href=\"mailto:bcukcentre@Bodhicharya.org\">bcukcentre@Bodhicharya.org<\/a>.<\/p>\n<p>[\/vc_column_text][\/vc_column][\/vc_row][vc_row][vc_column][vc_raw_html css=&#8221;&#8221;]JTNDZGl2JTIwY2xhc3MlM0QlMjJjYWwtZGVza3RvcCUyMiUzRSUwQSUyMCUyMCU1QmNhbGVuZGFyJTIwaWQlM0QlMjI0NTAlMjIlNUQlMEElM0MlMkZkaXYlM0UlMEElMEElM0NkaXYlMjBjbGFzcyUzRCUyMmNhbC1tb2JpbGUlMjIlM0UlMEElMjAlMjAlNUJjYWxlbmRhciUyMGlkJTNEJTIyNDg4JTIyJTVEJTBBJTNDJTJGZGl2JTNFJTBB[\/vc_raw_html][vc_raw_html css=&#8221;&#8221;]JTNDc3R5bGUlM0UlMEEuY2FsLW1vYmlsZSUyMCU3QiUyMGRpc3BsYXklM0ElMjBub25lJTIwJTIxaW1wb3J0YW50JTNCJTIwJTdEJTBBJTBBJTQwbWVkaWElMjAlMjhtYXgtd2lkdGglM0ElMjA3NjhweCUyOSUyMCU3QiUwQSUyMCUyMC5jYWwtZGVza3RvcCUyMCU3QiUyMGRpc3BsYXklM0ElMjBub25lJTIwJTIxaW1wb3J0YW50JTNCJTIwJTdEJTBBJTIwJTIwLmNhbC1tb2JpbGUlMjAlMjAlN0IlMjBkaXNwbGF5JTNBJTIwYmxvY2slMjAlMjFpbXBvcnRhbnQlM0IlMjAlN0QlMEElN0QlMEElM0MlMkZzdHlsZSUzRSUwQQ==[\/vc_raw_html][\/vc_column][\/vc_row][vc_row][vc_column][vc_column_text css=&#8221;&#8221;]<\/p>\n<h1>Booking Enquiries for the Bodhicharya UK Centre<\/h1>\n<p><strong>For room bookings or enquiries<\/strong> about hosting events at the Bodhicharya UK Centre, please contact <strong>John<\/strong>, the <strong>Centre Manager<\/strong>, at&nbsp;<a href=\"mailto:bcukcentre@Bodhicharya.org\">bcukcentre@Bodhicharya.org<\/a>.[\/vc_column_text][\/vc_column][\/vc_row][vc_row][vc_column][vc_column_text css=&#8221;&#8221;]<\/p>\n<p style=\"text-align: center;\">Support the centre <a href=\"https:\/\/bodhicharya.org\/uk\/support-the-centre\/\">here.<\/a><\/p>\n<p>[\/vc_column_text][\/vc_column][\/vc_row]<\/p>\n<\/div>","protected":false},"excerpt":{"rendered":"<p>[vc_row][vc_column][vc_column_text css=&#8221;&#8221;] \ud83e\udeb7 Groups and Practice at the Centre The Bodhicharya UK Centre in Rochester, Kent, is home to three local Buddhist groups from Chinese, Tibetan and Japanese traditions. It is also a place where third-party groups who are motivated by the Bodhicharya principles of Healing, Helping and Harmony&nbsp;rent and run their activities from. [\/vc_column_text][\/vc_column][\/vc_row][vc_row][vc_column][vc_column_text&hellip;<\/p>\n","protected":false},"author":2755,"featured_media":0,"parent":0,"menu_order":0,"comment_status":"closed","ping_status":"closed","template":"","meta":{"_acf_changed":false,"inline_featured_image":false,"footnotes":""},"class_list":["post-460","page","type-page","status-publish","hentry","description-off"],"acf":[],"yoast_head":"<!-- This site is optimized with the Yoast SEO plugin v26.7 - https:\/\/yoast.com\/wordpress\/plugins\/seo\/ -->\n<title>What&#039;s On - Bodhicharya UK<\/title>\n<meta name=\"robots\" content=\"index, follow, max-snippet:-1, max-image-preview:large, max-video-preview:-1\" \/>\n<link rel=\"canonical\" href=\"https:\/\/bodhicharya.org\/uk\/whats-on\/\" \/>\n<meta property=\"og:locale\" content=\"en_GB\" \/>\n<meta property=\"og:type\" content=\"article\" \/>\n<meta property=\"og:title\" content=\"What&#039;s On - Bodhicharya UK\" \/>\n<meta property=\"og:description\" content=\"[vc_row][vc_column][vc_column_text css=&#8221;&#8221;] \ud83e\udeb7 Groups and Practice at the Centre The Bodhicharya UK Centre in Rochester, Kent, is home to three local Buddhist groups from Chinese, Tibetan and Japanese traditions. It is also a place where third-party groups who are motivated by the Bodhicharya principles of Healing, Helping and Harmony&nbsp;rent and run their activities from. [\/vc_column_text][\/vc_column][\/vc_row][vc_row][vc_column][vc_column_text&hellip;\" \/>\n<meta property=\"og:url\" content=\"https:\/\/bodhicharya.org\/uk\/whats-on\/\" \/>\n<meta property=\"og:site_name\" content=\"Bodhicharya UK\" \/>\n<meta property=\"article:modified_time\" content=\"2026-01-27T17:36:13+00:00\" \/>\n<meta property=\"og:image\" content=\"https:\/\/bodhicharya.org\/uk\/files\/2025\/08\/bcuk-new-centre-e1756400111588-1024x500.jpg\" \/>\n<meta name=\"twitter:card\" content=\"summary_large_image\" \/>\n<script type=\"application\/ld+json\" class=\"yoast-schema-graph\">{\"@context\":\"https:\/\/schema.org\",\"@graph\":[{\"@type\":\"WebPage\",\"@id\":\"https:\/\/bodhicharya.org\/uk\/whats-on\/\",\"url\":\"https:\/\/bodhicharya.org\/uk\/whats-on\/\",\"name\":\"What's On - Bodhicharya UK\",\"isPartOf\":{\"@id\":\"https:\/\/bodhicharya.org\/uk\/#website\"},\"primaryImageOfPage\":{\"@id\":\"https:\/\/bodhicharya.org\/uk\/whats-on\/#primaryimage\"},\"image\":{\"@id\":\"https:\/\/bodhicharya.org\/uk\/whats-on\/#primaryimage\"},\"thumbnailUrl\":\"https:\/\/bodhicharya.org\/uk\/files\/2025\/08\/bcuk-new-centre-e1756400111588-1024x500.jpg\",\"datePublished\":\"2025-11-24T18:53:20+00:00\",\"dateModified\":\"2026-01-27T17:36:13+00:00\",\"breadcrumb\":{\"@id\":\"https:\/\/bodhicharya.org\/uk\/whats-on\/#breadcrumb\"},\"inLanguage\":\"en-GB\",\"potentialAction\":[{\"@type\":\"ReadAction\",\"target\":[\"https:\/\/bodhicharya.org\/uk\/whats-on\/\"]}]},{\"@type\":\"ImageObject\",\"inLanguage\":\"en-GB\",\"@id\":\"https:\/\/bodhicharya.org\/uk\/whats-on\/#primaryimage\",\"url\":\"https:\/\/d2wipdjmobk1g8.cloudfront.net\/wp-content\/uploads\/sites\/11\/2025\/08\/28175449\/bcuk-new-centre-e1756400111588.jpg\",\"contentUrl\":\"https:\/\/d2wipdjmobk1g8.cloudfront.net\/wp-content\/uploads\/sites\/11\/2025\/08\/28175449\/bcuk-new-centre-e1756400111588.jpg\",\"width\":2048,\"height\":1000},{\"@type\":\"BreadcrumbList\",\"@id\":\"https:\/\/bodhicharya.org\/uk\/whats-on\/#breadcrumb\",\"itemListElement\":[{\"@type\":\"ListItem\",\"position\":1,\"name\":\"Home\",\"item\":\"https:\/\/bodhicharya.org\/uk\/\"},{\"@type\":\"ListItem\",\"position\":2,\"name\":\"What&#8217;s On\"}]},{\"@type\":\"WebSite\",\"@id\":\"https:\/\/bodhicharya.org\/uk\/#website\",\"url\":\"https:\/\/bodhicharya.org\/uk\/\",\"name\":\"Bodhicharya UK\",\"description\":\"Awaken the Heart by Opening the Mind\",\"potentialAction\":[{\"@type\":\"SearchAction\",\"target\":{\"@type\":\"EntryPoint\",\"urlTemplate\":\"https:\/\/bodhicharya.org\/uk\/?s={search_term_string}\"},\"query-input\":{\"@type\":\"PropertyValueSpecification\",\"valueRequired\":true,\"valueName\":\"search_term_string\"}}],\"inLanguage\":\"en-GB\"}]}<\/script>\n<!-- \/ Yoast SEO plugin. -->","yoast_head_json":{"title":"What's On - Bodhicharya UK","robots":{"index":"index","follow":"follow","max-snippet":"max-snippet:-1","max-image-preview":"max-image-preview:large","max-video-preview":"max-video-preview:-1"},"canonical":"https:\/\/bodhicharya.org\/uk\/whats-on\/","og_locale":"en_GB","og_type":"article","og_title":"What's On - Bodhicharya UK","og_description":"[vc_row][vc_column][vc_column_text css=&#8221;&#8221;] \ud83e\udeb7 Groups and Practice at the Centre The Bodhicharya UK Centre in Rochester, Kent, is home to three local Buddhist groups from Chinese, Tibetan and Japanese traditions. It is also a place where third-party groups who are motivated by the Bodhicharya principles of Healing, Helping and Harmony&nbsp;rent and run their activities from. [\/vc_column_text][\/vc_column][\/vc_row][vc_row][vc_column][vc_column_text&hellip;","og_url":"https:\/\/bodhicharya.org\/uk\/whats-on\/","og_site_name":"Bodhicharya UK","article_modified_time":"2026-01-27T17:36:13+00:00","og_image":[{"url":"https:\/\/bodhicharya.org\/uk\/files\/2025\/08\/bcuk-new-centre-e1756400111588-1024x500.jpg","type":"","width":"","height":""}],"twitter_card":"summary_large_image","schema":{"@context":"https:\/\/schema.org","@graph":[{"@type":"WebPage","@id":"https:\/\/bodhicharya.org\/uk\/whats-on\/","url":"https:\/\/bodhicharya.org\/uk\/whats-on\/","name":"What's On - Bodhicharya UK","isPartOf":{"@id":"https:\/\/bodhicharya.org\/uk\/#website"},"primaryImageOfPage":{"@id":"https:\/\/bodhicharya.org\/uk\/whats-on\/#primaryimage"},"image":{"@id":"https:\/\/bodhicharya.org\/uk\/whats-on\/#primaryimage"},"thumbnailUrl":"https:\/\/bodhicharya.org\/uk\/files\/2025\/08\/bcuk-new-centre-e1756400111588-1024x500.jpg","datePublished":"2025-11-24T18:53:20+00:00","dateModified":"2026-01-27T17:36:13+00:00","breadcrumb":{"@id":"https:\/\/bodhicharya.org\/uk\/whats-on\/#breadcrumb"},"inLanguage":"en-GB","potentialAction":[{"@type":"ReadAction","target":["https:\/\/bodhicharya.org\/uk\/whats-on\/"]}]},{"@type":"ImageObject","inLanguage":"en-GB","@id":"https:\/\/bodhicharya.org\/uk\/whats-on\/#primaryimage","url":"https:\/\/d2wipdjmobk1g8.cloudfront.net\/wp-content\/uploads\/sites\/11\/2025\/08\/28175449\/bcuk-new-centre-e1756400111588.jpg","contentUrl":"https:\/\/d2wipdjmobk1g8.cloudfront.net\/wp-content\/uploads\/sites\/11\/2025\/08\/28175449\/bcuk-new-centre-e1756400111588.jpg","width":2048,"height":1000},{"@type":"BreadcrumbList","@id":"https:\/\/bodhicharya.org\/uk\/whats-on\/#breadcrumb","itemListElement":[{"@type":"ListItem","position":1,"name":"Home","item":"https:\/\/bodhicharya.org\/uk\/"},{"@type":"ListItem","position":2,"name":"What&#8217;s On"}]},{"@type":"WebSite","@id":"https:\/\/bodhicharya.org\/uk\/#website","url":"https:\/\/bodhicharya.org\/uk\/","name":"Bodhicharya UK","description":"Awaken the Heart by Opening the Mind","potentialAction":[{"@type":"SearchAction","target":{"@type":"EntryPoint","urlTemplate":"https:\/\/bodhicharya.org\/uk\/?s={search_term_string}"},"query-input":{"@type":"PropertyValueSpecification","valueRequired":true,"valueName":"search_term_string"}}],"inLanguage":"en-GB"}]}},"jetpack_sharing_enabled":true,"_links":{"self":[{"href":"https:\/\/bodhicharya.org\/uk\/wp-json\/wp\/v2\/pages\/460","targetHints":{"allow":["GET"]}}],"collection":[{"href":"https:\/\/bodhicharya.org\/uk\/wp-json\/wp\/v2\/pages"}],"about":[{"href":"https:\/\/bodhicharya.org\/uk\/wp-json\/wp\/v2\/types\/page"}],"author":[{"embeddable":true,"href":"https:\/\/bodhicharya.org\/uk\/wp-json\/wp\/v2\/users\/2755"}],"replies":[{"embeddable":true,"href":"https:\/\/bodhicharya.org\/uk\/wp-json\/wp\/v2\/comments?post=460"}],"version-history":[{"count":0,"href":"https:\/\/bodhicharya.org\/uk\/wp-json\/wp\/v2\/pages\/460\/revisions"}],"wp:attachment":[{"href":"https:\/\/bodhicharya.org\/uk\/wp-json\/wp\/v2\/media?parent=460"}],"curies":[{"name":"wp","href":"https:\/\/api.w.org\/{rel}","templated":true}]}}